{"id":1580,"date":"2023-08-07T11:23:29","date_gmt":"2023-08-07T09:23:29","guid":{"rendered":"https:\/\/visitbosanskakrupa.com\/gastro\/buffet-hunting-lodge-otok\/"},"modified":"2023-12-19T16:13:06","modified_gmt":"2023-12-19T15:13:06","slug":"buffet-hunting-lodge-otok","status":"publish","type":"page","link":"https:\/\/visitbosanskakrupa.com\/en\/gastro\/buffet-hunting-lodge-otok\/","title":{"rendered":"Buffet Hunting lodge Otok"},"content":{"rendered":"\t\t<div data-elementor-type=\"wp-page\" data-elementor-id=\"1580\" class=\"elementor elementor-1580 elementor-513\">\n\t\t\t\t<div class=\"elementor-element elementor-element-1aba1014 e-con-full animated-slow e-flex elementor-invisible e-con e-parent\" data-id=\"1aba1014\" data-element_type=\"container\" data-settings=\"{&quot;shape_divider_bottom&quot;:&quot;lqd-custom-shape-15&quot;,&quot;animation&quot;:&quot;fadeInDown&quot;}\">\n\t\t\t\t<div class=\"elementor-shape elementor-shape-bottom\" aria-hidden=\"true\" data-negative=\"false\">\n\t\t\t<svg class=\"lqd-custom-shape\"  fill=\"none\" height=\"461\" viewBox=\"0 0 1440 461\" width=\"1440\" xmlns=\"http:\/\/www.w3.org\/2000\/svg\" preserveAspectRatio=\"none\">\n  <path class=\"elementor-shape-fill\" d=\"m0 131.906 34.4-20.017c34.4-19.9 103.2-59.936 171.68-82.979 68.64-23.043 136.8-29.328003 205.44-4.306 68.48 25.022 137.28 81.35 205.76 80.768 68.64-.582 136.8-58.074 205.44-84.608 68.48-26.535 137.28-22.345 205.76-16.06 68.64 6.168 136.8 14.315 205.44 22.811 68.48 8.612 137.28 17.457 171.68 22l34.4 4.422v396.851h-1440z\" fill-opacity=\".09\">\n    <animate repeatCount=\"indefinite\" fill=\"freeze\" attributeName=\"d\" dur=\"10s\" values=\"M0 131.906L34.4 111.889C68.8 91.989 137.6 51.953 206.08 28.91C274.72 5.867 342.88 -0.418001 411.52 24.604C480 49.626 548.8 105.954 617.28 105.372C685.92 104.79 754.08 47.298 822.72 20.764C891.2 -5.771 960 -1.581 1028.48 4.704C1097.12 10.872 1165.28 19.019 1233.92 27.515C1302.4 36.127 1371.2 44.972 1405.6 49.515L1440 53.937V450.788H0L0 131.906Z; M0 122.906L36.5 109C71.5 96.372 102.52 67.98 171 44.937C239.64 21.894 354.36 51.478 423 76.5C491.48 101.522 546.52 19.097 615 18.515C683.64 17.933 799.36 58.534 868 32C936.48 5.46499 1039.52 54.715 1108 61C1176.64 67.168 1190.36 -6.996 1259 1.5C1327.48 10.112 1371.2 35.972 1405.6 40.515L1440 44.937V441.788H0L0 122.906Z; M0 131.906L34.4 111.889C68.8 91.989 137.6 51.953 206.08 28.91C274.72 5.867 342.88 -0.418001 411.52 24.604C480 49.626 548.8 105.954 617.28 105.372C685.92 104.79 754.08 47.298 822.72 20.764C891.2 -5.771 960 -1.581 1028.48 4.704C1097.12 10.872 1165.28 19.019 1233.92 27.515C1302.4 36.127 1371.2 44.972 1405.6 49.515L1440 53.937V450.788H0L0 131.906Z\">\n    <\/animate>\n  <\/path>\n  <path class=\"elementor-shape-fill\" d=\"M0 154.75L34.4 142.201C68.8 129.53 137.6 104.433 206.08 99.072C274.72 93.833 342.88 108.453 411.52 122.099C480 135.622 548.8 148.293 617.28 142.811C685.92 137.329 754.08 113.693 822.72 113.693C891.2 113.693 960 137.329 1028.48 152.68C1097.12 168.153 1165.28 175.463 1233.92 184.966C1302.4 194.591 1371.2 206.287 1405.6 212.257L1440 218.105V452.025H0L0 154.75Z\" fill-opacity=\".28\">\n    <animate repeatCount=\"indefinite\" fill=\"freeze\" attributeName=\"d\" dur=\"8s\" values=\"M0 154.75C0 154.75 12.8 142.902 34.4 142.201C56 141.5 140.02 160.111 208.5 154.75C277.14 149.511 334.36 112.57 403 126.216C471.48 139.739 552.52 190.448 621 184.966C689.64 179.484 745.36 116 814 116C882.48 116 950.52 161.149 1019 176.5C1087.64 191.973 1154.36 123.997 1223 133.5C1291.48 143.125 1371.2 206.287 1405.6 212.257L1440 218.105V452.025H0L0 154.75Z; M0 154.75C0 154.75 33.4 177.201 55 176.5C76.6 175.799 137.52 110.361 206 105C274.64 99.761 332.86 141.104 401.5 154.75C469.98 168.273 527.52 206.982 596 201.5C664.64 196.018 747.86 75 816.5 75C884.98 75 956.52 118.149 1025 133.5C1093.64 148.973 1163.36 87.497 1232 97C1300.48 106.625 1371.2 206.287 1405.6 212.257L1440 218.105V452.025H0L0 154.75Z; M0 154.75C0 154.75 12.8 142.902 34.4 142.201C56 141.5 140.02 160.111 208.5 154.75C277.14 149.511 334.36 112.57 403 126.216C471.48 139.739 552.52 190.448 621 184.966C689.64 179.484 745.36 116 814 116C882.48 116 950.52 161.149 1019 176.5C1087.64 191.973 1154.36 123.997 1223 133.5C1291.48 143.125 1371.2 206.287 1405.6 212.257L1440 218.105V452.025H0L0 154.75Z\">\n    <\/animate>\n  <\/path>\n  <path class=\"elementor-shape-fill\" d=\"M0 340.22L34.4 333.92C68.8 327.52 137.6 314.92 206.08 312.22C274.72 309.52 342.88 316.92 411.52 319.72C480 322.52 548.8 320.92 617.28 318.92C685.92 316.92 754.08 314.52 822.72 316.02C891.2 317.52 960 322.92 1028.48 309.42C1097.12 295.92 1165.28 263.52 1233.92 251.02C1302.4 238.52 1371.2 245.92 1405.6 249.52L1440 253.22V453.22H0L0 340.22Z\">\n    <animate repeatCount=\"indefinite\" fill=\"freeze\" attributeName=\"d\" dur=\"6.5s\" values=\"M0 340.22L34.4 333.92C68.8 327.52 139.02 281.2 207.5 278.5C276.14 275.8 351.86 331.12 420.5 333.92C488.98 336.72 554.52 289 623 287C691.64 285 756.86 332.42 825.5 333.92C893.98 335.42 960 322.92 1028.48 309.42C1097.12 295.92 1163.36 236 1232 223.5C1300.48 211 1371.2 245.92 1405.6 249.52L1440 253.22V453.22H0L0 340.22Z; M0 340.22L37.5 323C71.9 316.6 137.52 336.62 206 333.92C274.64 331.22 339.86 272.2 408.5 275C476.98 277.8 551.02 304 619.5 302C688.14 300 759.36 266.5 828 268C896.48 269.5 962.02 336.5 1030.5 323C1099.14 309.5 1156.36 232.5 1225 220C1293.48 207.5 1364.1 249.62 1398.5 253.22L1440 253.22V453.22H0L0 340.22Z; M0 340.22L34.4 333.92C68.8 327.52 139.02 281.2 207.5 278.5C276.14 275.8 351.86 331.12 420.5 333.92C488.98 336.72 554.52 289 623 287C691.64 285 756.86 332.42 825.5 333.92C893.98 335.42 960 322.92 1028.48 309.42C1097.12 295.92 1163.36 236 1232 223.5C1300.48 211 1371.2 245.92 1405.6 249.52L1440 253.22V453.22H0L0 340.22Z\">\n    <\/animate>\n  <\/path>\n  <path class=\"elementor-shape-fill\" d=\"M1440 337.719L1405.6 340.219C1371.2 342.719 1302.4 347.719 1233.92 350.419C1165.28 353.019 1097.12 353.419 1028.48 352.219C960 351.019 891.2 348.419 822.72 357.019C754.08 365.719 685.92 385.719 617.28 395.919C548.8 406.019 480 406.419 411.52 395.919C342.88 385.419 274.72 364.019 206.08 359.419C137.6 354.719 68.8 366.719 34.4 372.719L0 378.719V460.719H1440V337.719Z\">\n    <animate repeatCount=\"indefinite\" fill=\"freeze\" attributeName=\"d\" dur=\"5.5s\" values=\"M1440 337.719L1405.6 340.219C1371.2 342.719 1303.98 362.8 1235.5 365.5C1166.86 368.1 1090.14 324.2 1021.5 323C953.02 321.8 889.48 383.4 821 392C752.36 400.7 678.64 368.519 610 378.719C541.52 388.819 473.48 414.5 405 404C336.36 393.5 273.64 342.319 205 337.719C136.52 333.019 68.8 366.719 34.4 372.719L0 378.719V460.719H1440V337.719Z; M1440 337.719L1405.6 340.219C1371.2 342.719 1295.98 326.3 1227.5 329C1158.86 331.6 1081.64 391.2 1013 390C944.52 388.8 874.48 364.119 806 372.719C737.36 381.419 675.14 296.3 606.5 306.5C538.02 316.6 471.48 383.219 403 372.719C334.36 362.219 272.64 320.6 204 316C135.52 311.3 68.8 366.719 34.4 372.719L0 378.719V460.719H1440V337.719Z; M1440 337.719L1405.6 340.219C1371.2 342.719 1303.98 362.8 1235.5 365.5C1166.86 368.1 1090.14 324.2 1021.5 323C953.02 321.8 889.48 383.4 821 392C752.36 400.7 678.64 368.519 610 378.719C541.52 388.819 473.48 414.5 405 404C336.36 393.5 273.64 342.319 205 337.719C136.52 333.019 68.8 366.719 34.4 372.719L0 378.719V460.719H1440V337.719Z\">\n    <\/animate>\n  <\/path>\n<\/svg>\t\t<\/div>\n\t\t\t\t<div class=\"elementor-element elementor-element-726e0bf4 elementor-widget elementor-widget-ld_fancy_image\" data-id=\"726e0bf4\" data-element_type=\"widget\" data-widget_type=\"ld_fancy_image.default\">\n\t\t\t\t<div class=\"elementor-widget-container\">\n\t\t\t\t\t\n\t\t<div class=\"lqd-imggrp-single d-block pos-rel \">\n\t\t\t<div class=\"lqd-imggrp-img-container d-inline-flex pos-rel align-items-center justify-content-center \">\n\t\t\t\t\t\t\t\t<figure class=\"w-100 pos-rel\">\n\t\t\t\t\t\t\t\t\t\t\t\t\t\t\t\t\t\t\t\t<div class=\"lqd-v-lines lqd-overlay d-flex justify-content-center\"><div class=\"lqd-v-line d-inline-flex justify-content-start flex-grow-1 invisible\"><div class=\"h-100\"><\/div><\/div><div class=\"lqd-v-line d-inline-flex justify-content-start flex-grow-1\"><div class=\"h-100\"><\/div><\/div><div class=\"lqd-v-line d-inline-flex justify-content-start flex-grow-1\"><div class=\"h-100\"><\/div><\/div><div class=\"lqd-v-line d-inline-flex justify-content-start flex-grow-1\"><div class=\"h-100\"><\/div><\/div><\/div>\t\t\t\t\t\t\t\t\t\t\t\t\t\t<\/figure>\n\t\t\t<\/div>\n\t\t<\/div>\n\n\t\t\t\t\t<\/div>\n\t\t\t\t<\/div>\n\t\t\t\t<\/div>\n\t\t<div class=\"elementor-element elementor-element-d4245d3 e-flex e-con-boxed e-con e-parent\" data-id=\"d4245d3\" data-element_type=\"container\">\n\t\t\t\t\t<div class=\"e-con-inner\">\n\t\t\t\t<div class=\"elementor-element elementor-element-5e9188dc elementor-widget elementor-widget-ld_breadcrumb\" data-id=\"5e9188dc\" data-element_type=\"widget\" data-widget_type=\"ld_breadcrumb.default\">\n\t\t\t\t<div class=\"elementor-widget-container\">\n\t\t\t\t\t<div class=\"lqd-breadcrumb-wrapper\"><div class=\"lqd-shop-topbar-breadcrumb\"><nav class=\"woocommerce-breadcrumb mb-4 mb-md-0\"><ul class=\"breadcrumb reset-ul inline-nav comma-sep-li\"><li>Home<\/li><\/ul><\/nav><\/div><\/div>\t\t\t\t<\/div>\n\t\t\t\t<\/div>\n\t\t\t\t<div class=\"elementor-element elementor-element-194a89b9 elementor-widget elementor-widget-hub_fancy_heading\" data-id=\"194a89b9\" data-element_type=\"widget\" data-widget_type=\"hub_fancy_heading.default\">\n\t\t\t\t<div class=\"elementor-widget-container\">\n\t\t\t\t\t\n\t\t<div id=\"ld-fancy-heading-69d4aeb53ea7d\" class=\"ld-fancy-heading pos-rel\">\n\t\t\t<h2 class=\"ld-fh-element d-inline-block pos-rel  elementor-heading-title lqd-highlight-classic lqd-highlight-grow-left h2\"  > Buffet Hunting lodge Otok<\/h2>\t\t<\/div>\n\n\t\t\t\t\t\t<\/div>\n\t\t\t\t<\/div>\n\t\t\t\t\t<\/div>\n\t\t\t\t<\/div>\n\t\t<div class=\"elementor-element elementor-element-78420c96 e-flex e-con-boxed e-con e-parent\" data-id=\"78420c96\" data-element_type=\"container\">\n\t\t\t\t\t<div class=\"e-con-inner\">\n\t\t\t\t<div class=\"elementor-element elementor-element-3eb6b98f elementor-widget elementor-widget-ld_gallery\" data-id=\"3eb6b98f\" data-element_type=\"widget\" data-widget_type=\"ld_gallery.default\">\n\t\t\t\t<div class=\"elementor-widget-container\">\n\t\t\t\t\t\n\t\t<div class=\"lqd-img-gal\">\n\n\t\t\t<div class=\"lqd-img-gal-imgs\">\n\n\t\t\t\t<div class=\"carousel-container pos-rel carousel-nav-floated carousel-nav-center carousel-nav-middle carousel-nav-lg carousel-nav-solid carousel-nav-circle carousel-nav-appear-onhover carousel-dots-mobile-inside\">\n\t\t\t\t\t<div class=\"carousel-items pos-rel\" data-lqd-flickity='{ \"prevNextButtons\": true, \"navArrow\": \"6\", \"parallax\": true, \"adaptiveHeight\": true }' id=\"lqd-image-gallery-3eb6b98fmain-carousel\">\n\n\t\t\t\t\t\t<div class=\"flickity-viewport pos-rel w-100 overflow-hidden\">\n\t\t\t\t\t\t\t<div class=\"flickity-slider d-flex w-100 h-100 pos-rel\" style=\"left: 0; transform: translateX(0%);\">\n\n\t\t\t\t\t\t\t\t\n\t\t\t\t\t\t\t<\/div>\n\t\t\t\t\t\t<\/div>\n\t\t\t\t\t<\/div>\n\t\t\t\t<\/div>\n\n\t\t\t<\/div>\n\n\t\t\t<div class=\"lqd-img-gal-thumbs\">\n\n\t\t\t\t<div class=\"carousel-container\">\n\t\t\t\t\t<div class=\"carousel-items pos-rel\" data-lqd-flickity='{ \"contain\": false, \"pageDots\": false, \"asNavFor\": \"#lqd-image-gallery-3eb6b98fmain-carousel\" }'>\n\n\t\t\t\t\t\t<div class=\"flickity-viewport pos-rel w-100 overflow-hidden\">\n\t\t\t\t\t\t\t<div class=\"flickity-slider d-flex w-100 h-100 pos-rel\" style=\"left: 0; transform: translateX(0%);\">\n\n\t\t\t\t\t\t\t\t\n\t\t\t\t\t\t\t<\/div>\n\t\t\t\t\t\t<\/div>\n\t\t\t\t\t<\/div>\n\t\t\t\t<\/div>\n\n\t\t\t<\/div>\n\n\t\t<\/div>\n\n\t\t\t\t\t\t<\/div>\n\t\t\t\t<\/div>\n\t\t\t\t<div class=\"elementor-element elementor-element-39cd0a2 elementor-widget elementor-widget-text-editor\" data-id=\"39cd0a2\" data-element_type=\"widget\" data-widget_type=\"text-editor.default\">\n\t\t\t\t<div class=\"elementor-widget-container\">\n\t\t\t\t\t\t\t\t\t<p>Bosanska Otoka is an ancient place. It lies on the old Roman road that connected the Adriatic Sea with the Danube, from Salona to Siscia. The ruins of ancient buildings can be found in several places around Otoka, especially on Malki\u0107a Otoka, in Ivanjska and Ljusina. Traces of Roman settlements were found in the area of Malki\u0107 Otoka, downstream from Otoka. At the foot of Rajinova\u010da mountain in Ivanjska, not far from Otoka, graves of Roman soldiers were excavated. Along with human bones, Roman money, a saber and other objects from the Roman era were also found in the tombs. Bosanska Otoka is an ideal place to learn about history. Buffet The hunting lodge of Bosanska Otok &#8211; a place that brings together lovers of nature, good food and authentic ambiance! Located in a beautiful location near the river Una, the buffet offers a unique experience of gastronomy and relaxation. The hunting lodge of Bosanska Otoka is a true paradise for all gourmets and lovers of local cuisine.<\/p>\n<div class=\"p-rich_text_section\">The offer is full of diverse dishes prepared with love and care. On the menu you will find a wide selection of game meat specialties, such as delicious hunting stews, juicy steaks and fragrant barbecue delicacies. All ingredients are carefully selected, and many of them are locally grown and fresh, which ensures the top taste and quality of each dish. The friendly and professional team will make sure you feel welcome and comfortable throughout your visit. Here you can enjoy the relaxed atmosphere of a hunting lodge, decorated with rustic details that emphasize the combination of tradition and the natural environment.<\/div>\n<div> <\/div>\n<div class=\"p-rich_text_section\">Enjoy the warmth of the fireplace during the colder months or relax on our terrace overlooking the beautiful river Una during the warm summer days. Buffet Hunting lodge Bosanska Otok is also an ideal place for organizing various events and celebrations. Whether you are planning a family gathering, a business lunch or a wedding, the flexible room will provide you with the perfect setting.<\/div>\n<div> <\/div>\n<div class=\"p-rich_text_section\">The entire events team is at your disposal to make your special day unforgettable and unique. In addition to excellent food, the Bosanska Otoka Hunting Lodge also offers the beautiful nature that surrounds our location. After enjoying the delicious meals, you can explore the nearby forest trails, spend time on the banks of the Una River or relax with fishing or canoeing. Visit the Bosanska Otoka Hunting Lodge Buffet and experience the perfect combination of delicious delights and natural beauty.<\/div>\n<div class=\"p-rich_text_section\">A warm welcome and superb cuisine will ensure you an unforgettable experience for all the senses. Book your place today and treat yourself to a unique experience at the Bosanska Otoka Hunting House Buffet.<\/div>\n\t\t\t\t\t\t\t\t<\/div>\n\t\t\t\t<\/div>\n\t\t\t\t\t<\/div>\n\t\t\t\t<\/div>\n\t\t\t\t<section class=\"elementor-section elementor-top-section elementor-element elementor-element-1a135ee7 elementor-section-boxed elementor-section-height-default elementor-section-height-default\" data-id=\"1a135ee7\" data-element_type=\"section\">\n\t\t\t\t\t\t<div class=\"elementor-container elementor-column-gap-default\">\n\t\t\t\t\t<div class=\"elementor-column elementor-col-100 elementor-top-column elementor-element elementor-element-972a6bd pointer-events-auto\" data-id=\"972a6bd\" data-element_type=\"column\" data-settings=\"{&quot;background_background&quot;:&quot;classic&quot;}\">\n\t\t\t<div class=\"elementor-widget-wrap elementor-element-populated\">\n\t\t\t\t\t\t<div class=\"elementor-element elementor-element-4190810f elementor-align-text-left elementor-widget__width-auto elementor-widget elementor-widget-ld_icon_box\" data-id=\"4190810f\" data-element_type=\"widget\" data-widget_type=\"ld_icon_box.default\">\n\t\t\t\t<div class=\"elementor-widget-container\">\n\t\t\t\t\t\n\t\t\t<div id=\"ld_icon_box_4190810f\" class=\"iconbox d-flex flex-grow-1 pos-rel iconbox-side\"   >\n\n\t\t\t\t\n\t\t\t\t<div class=\"iconbox-icon-wrap  \"><div class=\"iconbox-icon-container d-inline-flex   \"><i aria-hidden=\"true\" class=\"fas fa-map-marker-alt\"><\/i><\/div><\/div>\n\t\t\t\t\n\t\t\t\t<div class=\"contents \">\n\t\t\t\t\n\t\t\t\t<h3 class=\"lqd-iconbox-heading \" >Address <\/h3>\t\t\t\t<p>Bosanska Otoka, 77240 Bosanska Krupa<\/p>\n\t\t\t\t\n\t\t\t\t<\/div>\n\t\t\t\t\n\t\t\t<\/div>\n\n\t\t\t\t\t\t<\/div>\n\t\t\t\t<\/div>\n\t\t\t\t<div class=\"elementor-element elementor-element-555d3fe0 elementor-align-text-left elementor-widget__width-auto elementor-widget elementor-widget-ld_icon_box\" data-id=\"555d3fe0\" data-element_type=\"widget\" data-widget_type=\"ld_icon_box.default\">\n\t\t\t\t<div class=\"elementor-widget-container\">\n\t\t\t\t\t\n\t\t\t<div id=\"ld_icon_box_555d3fe0\" class=\"iconbox d-flex flex-grow-1 pos-rel iconbox-side\"   >\n\n\t\t\t\t\n\t\t\t\t<div class=\"iconbox-icon-wrap  \"><div class=\"iconbox-icon-container d-inline-flex   \"><i aria-hidden=\"true\" class=\"fas fa-phone-alt\"><\/i><\/div><\/div>\n\t\t\t\t\n\t\t\t\t<div class=\"contents \">\n\t\t\t\t\n\t\t\t\t<h3 class=\"lqd-iconbox-heading \" >Phone number <\/h3>\t\t\t\t<p>+387 61 155 595<\/p>\n\t\t\t\t\n\t\t\t\t<\/div>\n\t\t\t\t<a href=\"tel:+38761155595\" class=\"lqd-overlay z-index-2\" target=\"_blank&quot;\" rel=\"nofollow\" aria-label=\"Phone number\"><\/a>\n\t\t\t<\/div>\n\n\t\t\t\t\t\t<\/div>\n\t\t\t\t<\/div>\n\t\t\t\t\t<\/div>\n\t\t<\/div>\n\t\t\t\t\t<\/div>\n\t\t<\/section>\n\t\t\t\t<\/div>\n\t\t","protected":false},"excerpt":{"rendered":"<p>Home Buffet Hunting lodge Otok Bosanska Otoka is an ancient place. It lies on the old Roman road that connected the Adriatic Sea with the Danube, from Salona to Siscia. The ruins of ancient buildings can be found in several places around Otoka, especially on Malki\u0107a Otoka, in Ivanjska and Ljusina. Traces of Roman settlements [&hellip;]<\/p>\n","protected":false},"author":1,"featured_media":0,"parent":1511,"menu_order":0,"comment_status":"closed","ping_status":"closed","template":"","meta":{"inline_featured_image":false,"footnotes":""},"class_list":["post-1580","page","type-page","status-publish","hentry"],"yoast_head":"<!-- This site is optimized with the Yoast SEO plugin v25.4 - https:\/\/yoast.com\/wordpress\/plugins\/seo\/ -->\n<title>Buffet Hunting lodge Otok - Visit Bosanska Krupa<\/title>\n<meta name=\"robots\" content=\"index, follow, max-snippet:-1, max-image-preview:large, max-video-preview:-1\" \/>\n<link rel=\"canonical\" href=\"https:\/\/visitbosanskakrupa.com\/en\/gastro\/buffet-hunting-lodge-otok\/\" \/>\n<meta property=\"og:locale\" content=\"en_US\" \/>\n<meta property=\"og:type\" content=\"article\" \/>\n<meta property=\"og:title\" content=\"Buffet Hunting lodge Otok - Visit Bosanska Krupa\" \/>\n<meta property=\"og:description\" content=\"Home Buffet Hunting lodge Otok Bosanska Otoka is an ancient place. It lies on the old Roman road that connected the Adriatic Sea with the Danube, from Salona to Siscia. The ruins of ancient buildings can be found in several places around Otoka, especially on Malki\u0107a Otoka, in Ivanjska and Ljusina. Traces of Roman settlements [&hellip;]\" \/>\n<meta property=\"og:url\" content=\"https:\/\/visitbosanskakrupa.com\/en\/gastro\/buffet-hunting-lodge-otok\/\" \/>\n<meta property=\"og:site_name\" content=\"Visit Bosanska Krupa\" \/>\n<meta property=\"article:modified_time\" content=\"2023-12-19T15:13:06+00:00\" \/>\n<meta name=\"twitter:card\" content=\"summary_large_image\" \/>\n<meta name=\"twitter:label1\" content=\"Est. reading time\" \/>\n\t<meta name=\"twitter:data1\" content=\"2 minutes\" \/>\n<script type=\"application\/ld+json\" class=\"yoast-schema-graph\">{\"@context\":\"https:\/\/schema.org\",\"@graph\":[{\"@type\":\"WebPage\",\"@id\":\"https:\/\/visitbosanskakrupa.com\/en\/gastro\/buffet-hunting-lodge-otok\/\",\"url\":\"https:\/\/visitbosanskakrupa.com\/en\/gastro\/buffet-hunting-lodge-otok\/\",\"name\":\"Buffet Hunting lodge Otok - Visit Bosanska Krupa\",\"isPartOf\":{\"@id\":\"https:\/\/visitbosanskakrupa.com\/#website\"},\"datePublished\":\"2023-08-07T09:23:29+00:00\",\"dateModified\":\"2023-12-19T15:13:06+00:00\",\"breadcrumb\":{\"@id\":\"https:\/\/visitbosanskakrupa.com\/en\/gastro\/buffet-hunting-lodge-otok\/#breadcrumb\"},\"inLanguage\":\"en-US\",\"potentialAction\":[{\"@type\":\"ReadAction\",\"target\":[\"https:\/\/visitbosanskakrupa.com\/en\/gastro\/buffet-hunting-lodge-otok\/\"]}]},{\"@type\":\"BreadcrumbList\",\"@id\":\"https:\/\/visitbosanskakrupa.com\/en\/gastro\/buffet-hunting-lodge-otok\/#breadcrumb\",\"itemListElement\":[{\"@type\":\"ListItem\",\"position\":1,\"name\":\"Home\",\"item\":\"https:\/\/visitbosanskakrupa.com\/en\/home\/\"},{\"@type\":\"ListItem\",\"position\":2,\"name\":\"Gastro\",\"item\":\"https:\/\/visitbosanskakrupa.com\/en\/gastro\/\"},{\"@type\":\"ListItem\",\"position\":3,\"name\":\"Buffet Hunting lodge Otok\"}]},{\"@type\":\"WebSite\",\"@id\":\"https:\/\/visitbosanskakrupa.com\/#website\",\"url\":\"https:\/\/visitbosanskakrupa.com\/\",\"name\":\"Visit Bosanska Krupa\",\"description\":\"\",\"potentialAction\":[{\"@type\":\"SearchAction\",\"target\":{\"@type\":\"EntryPoint\",\"urlTemplate\":\"https:\/\/visitbosanskakrupa.com\/?s={search_term_string}\"},\"query-input\":{\"@type\":\"PropertyValueSpecification\",\"valueRequired\":true,\"valueName\":\"search_term_string\"}}],\"inLanguage\":\"en-US\"}]}<\/script>\n<!-- \/ Yoast SEO plugin. -->","yoast_head_json":{"title":"Buffet Hunting lodge Otok - Visit Bosanska Krupa","robots":{"index":"index","follow":"follow","max-snippet":"max-snippet:-1","max-image-preview":"max-image-preview:large","max-video-preview":"max-video-preview:-1"},"canonical":"https:\/\/visitbosanskakrupa.com\/en\/gastro\/buffet-hunting-lodge-otok\/","og_locale":"en_US","og_type":"article","og_title":"Buffet Hunting lodge Otok - Visit Bosanska Krupa","og_description":"Home Buffet Hunting lodge Otok Bosanska Otoka is an ancient place. It lies on the old Roman road that connected the Adriatic Sea with the Danube, from Salona to Siscia. The ruins of ancient buildings can be found in several places around Otoka, especially on Malki\u0107a Otoka, in Ivanjska and Ljusina. Traces of Roman settlements [&hellip;]","og_url":"https:\/\/visitbosanskakrupa.com\/en\/gastro\/buffet-hunting-lodge-otok\/","og_site_name":"Visit Bosanska Krupa","article_modified_time":"2023-12-19T15:13:06+00:00","twitter_card":"summary_large_image","twitter_misc":{"Est. reading time":"2 minutes"},"schema":{"@context":"https:\/\/schema.org","@graph":[{"@type":"WebPage","@id":"https:\/\/visitbosanskakrupa.com\/en\/gastro\/buffet-hunting-lodge-otok\/","url":"https:\/\/visitbosanskakrupa.com\/en\/gastro\/buffet-hunting-lodge-otok\/","name":"Buffet Hunting lodge Otok - Visit Bosanska Krupa","isPartOf":{"@id":"https:\/\/visitbosanskakrupa.com\/#website"},"datePublished":"2023-08-07T09:23:29+00:00","dateModified":"2023-12-19T15:13:06+00:00","breadcrumb":{"@id":"https:\/\/visitbosanskakrupa.com\/en\/gastro\/buffet-hunting-lodge-otok\/#breadcrumb"},"inLanguage":"en-US","potentialAction":[{"@type":"ReadAction","target":["https:\/\/visitbosanskakrupa.com\/en\/gastro\/buffet-hunting-lodge-otok\/"]}]},{"@type":"BreadcrumbList","@id":"https:\/\/visitbosanskakrupa.com\/en\/gastro\/buffet-hunting-lodge-otok\/#breadcrumb","itemListElement":[{"@type":"ListItem","position":1,"name":"Home","item":"https:\/\/visitbosanskakrupa.com\/en\/home\/"},{"@type":"ListItem","position":2,"name":"Gastro","item":"https:\/\/visitbosanskakrupa.com\/en\/gastro\/"},{"@type":"ListItem","position":3,"name":"Buffet Hunting lodge Otok"}]},{"@type":"WebSite","@id":"https:\/\/visitbosanskakrupa.com\/#website","url":"https:\/\/visitbosanskakrupa.com\/","name":"Visit Bosanska Krupa","description":"","potentialAction":[{"@type":"SearchAction","target":{"@type":"EntryPoint","urlTemplate":"https:\/\/visitbosanskakrupa.com\/?s={search_term_string}"},"query-input":{"@type":"PropertyValueSpecification","valueRequired":true,"valueName":"search_term_string"}}],"inLanguage":"en-US"}]}},"_links":{"self":[{"href":"https:\/\/visitbosanskakrupa.com\/en\/wp-json\/wp\/v2\/pages\/1580","targetHints":{"allow":["GET"]}}],"collection":[{"href":"https:\/\/visitbosanskakrupa.com\/en\/wp-json\/wp\/v2\/pages"}],"about":[{"href":"https:\/\/visitbosanskakrupa.com\/en\/wp-json\/wp\/v2\/types\/page"}],"author":[{"embeddable":true,"href":"https:\/\/visitbosanskakrupa.com\/en\/wp-json\/wp\/v2\/users\/1"}],"replies":[{"embeddable":true,"href":"https:\/\/visitbosanskakrupa.com\/en\/wp-json\/wp\/v2\/comments?post=1580"}],"version-history":[{"count":1,"href":"https:\/\/visitbosanskakrupa.com\/en\/wp-json\/wp\/v2\/pages\/1580\/revisions"}],"predecessor-version":[{"id":1581,"href":"https:\/\/visitbosanskakrupa.com\/en\/wp-json\/wp\/v2\/pages\/1580\/revisions\/1581"}],"up":[{"embeddable":true,"href":"https:\/\/visitbosanskakrupa.com\/en\/wp-json\/wp\/v2\/pages\/1511"}],"wp:attachment":[{"href":"https:\/\/visitbosanskakrupa.com\/en\/wp-json\/wp\/v2\/media?parent=1580"}],"curies":[{"name":"wp","href":"https:\/\/api.w.org\/{rel}","templated":true}]}}